{"id":11,"date":"2020-04-07T13:59:00","date_gmt":"2020-04-07T13:59:00","guid":{"rendered":"https:\/\/the7.io\/business-advisors\/?page_id=11"},"modified":"2024-07-02T14:35:02","modified_gmt":"2024-07-02T14:35:02","slug":"industry-news","status":"publish","type":"page","link":"https:\/\/dsgik.com\/en\/industry-news\/","title":{"rendered":"Industry News"},"content":{"rendered":"\t\t<div data-elementor-type=\"wp-page\" data-elementor-id=\"11\" class=\"elementor elementor-11\" data-elementor-post-type=\"page\">\n\t\t\t\t\t\t<section class=\"elementor-section elementor-top-section elementor-element elementor-element-64f606a elementor-section-height-min-height elementor-section-items-stretch elementor-section-content-middle elementor-section-boxed elementor-section-height-default\" data-id=\"64f606a\" data-element_type=\"section\">\n\t\t\t\t\t\t\t<div class=\"elementor-background-overlay\"><\/div>\n\t\t\t\t\t\t\t<div class=\"elementor-container elementor-column-gap-wider\">\n\t\t\t\t\t<div class=\"elementor-column elementor-col-100 elementor-top-column elementor-element elementor-element-dd9b4aa\" data-id=\"dd9b4aa\" data-element_type=\"column\" data-settings=\"{&quot;background_background&quot;:&quot;classic&quot;}\">\n\t\t\t<div class=\"elementor-widget-wrap elementor-element-populated\">\n\t\t\t\t\t\t<div class=\"elementor-element elementor-element-2eb1092 img-align-mobile-top image-vertical-align-center image-vertical-align-tablet-start img-align-top icon-box-vertical-align-top preserve-img-ratio-cover slide-h-position-left elementor-widget elementor-widget-the7-elements-simple-posts\" data-id=\"2eb1092\" data-element_type=\"widget\" data-widget_type=\"the7-elements-simple-posts.default\">\n\t\t\t\t<div class=\"elementor-widget-container\">\n\t\t\t<div class=\"the7-simple-widget-posts the7-elementor-widget the7-elements-simple-posts-2eb1092\" data-post-limit=\"-1\" data-pagination-mode=\"standard\" data-scroll-offset=\"\">\t\t\t<div class=\"dt-css-grid custom-pagination-handler\" data-columns=\"{&quot;d&quot;:3,&quot;t&quot;:2,&quot;p&quot;:1,&quot;wd&quot;:&quot;&quot;}\">\n\t\t\t\t\t\t\t\t\t<div class=\"wf-cell visible \">\n\t\t\t\t\t\t<article class=\"post visible wrapper post-96794 type-post status-publish format-standard has-post-thumbnail hentry category-news category-2 description-off\">\n\n\t\t\t\t\t\t\t<div class=\"post-content-wrapper\">\n\t\t\t\t\t\t\t\t\t\t\t\t\t\t\t\t\t<div class=\"the7-simple-post-thumb\">\n\t\t\t\t\t\t\t\t\t\t<a class=\"post-thumbnail-rollover layzr-bg img-css-resize-wrapper\" aria-label=\"Post image\" href=\"https:\/\/dsgik.com\/en\/news\/headhunting-and-the-passive-candidate-market-companies-secret-weapon\/\"><img fetchpriority=\"high\" decoding=\"async\" width=\"1264\" height=\"848\" src=\"data:image\/svg+xml,%3Csvg%20xmlns%3D&#039;http%3A%2F%2Fwww.w3.org%2F2000%2Fsvg&#039;%20viewBox%3D&#039;0%200%201264%20848&#039;%2F%3E\" class=\"attachment-full size-full preload-me aspect lazy lazy-load\" alt=\"\" sizes=\"(max-width: 1264px) 100vw, 1264px\" style=\"--ratio: 1264 \/ 848;\" data-src=\"https:\/\/dsgik.com\/en\/wp-content\/uploads\/2026\/03\/icerik-3.png\" loading=\"eager\" data-srcset=\"https:\/\/dsgik.com\/en\/wp-content\/uploads\/2026\/03\/icerik-3.png 1264w, https:\/\/dsgik.com\/en\/wp-content\/uploads\/2026\/03\/icerik-3-300x201.png 300w, https:\/\/dsgik.com\/en\/wp-content\/uploads\/2026\/03\/icerik-3-1024x687.png 1024w, https:\/\/dsgik.com\/en\/wp-content\/uploads\/2026\/03\/icerik-3-768x515.png 768w\" \/><span class=\"the7-hover-icon\"><\/span><\/a>\t\t\t\t\t\t\t\t\t<\/div>\n\t\t\t\t\t\t\t\t\t\t\t\t\t\t\t\t<div class=\"post-entry-content\">\n\t\t\t\t\t\t\t\t\t<h5 class=\"heading\"><a href=\"https:\/\/dsgik.com\/en\/news\/headhunting-and-the-passive-candidate-market-companies-secret-weapon\/\" rel=\"bookmark\" title=\"Headhunting and the Passive Candidate Market: Companies\u2019 Secret Weapon\" class=\"post-title\">Headhunting and the Passive Candidate Market: Companies\u2019 Secret Weapon<\/a><\/h5><div class=\"entry-meta\"><span class=\"meta-item data-link\"><time class=\"entry-date updated\" datetime=\"2026-03-12T14:00:27+00:00\">March 12, 2026<\/time><\/span><\/div><a href=\"https:\/\/dsgik.com\/en\/news\/headhunting-and-the-passive-candidate-market-companies-secret-weapon\/\" target=\"\" aria-label=\"Read more about Headhunting and the Passive Candidate Market: Companies\u2019 Secret Weapon\" class=\"box-button elementor-button elementor-size-sm\">MORE<svg aria-hidden=\"true\" class=\"elementor-button-icon e-font-icon-svg e-fas-arrow-right\" viewBox=\"0 0 448 512\" xmlns=\"http:\/\/www.w3.org\/2000\/svg\"><path d=\"M190.5 66.9l22.2-22.2c9.4-9.4 24.6-9.4 33.9 0L441 239c9.4 9.4 9.4 24.6 0 33.9L246.6 467.3c-9.4 9.4-24.6 9.4-33.9 0l-22.2-22.2c-9.5-9.5-9.3-25 .4-34.3L311.4 296H24c-13.3 0-24-10.7-24-24v-32c0-13.3 10.7-24 24-24h287.4L190.9 101.2c-9.8-9.3-10-24.8-.4-34.3z\"><\/path><\/svg><\/a>\t\t\t\t\t\t\t\t<\/div>\n\t\t\t\t\t\t\t<\/div>\n\t\t\t\t\t\t<\/article>\n\t\t\t\t\t<\/div>\t\t\t\t\t\t\t\t\t\t<div class=\"wf-cell visible \">\n\t\t\t\t\t\t<article class=\"post visible wrapper post-96791 type-post status-publish format-standard has-post-thumbnail hentry category-news category-2 description-off\">\n\n\t\t\t\t\t\t\t<div class=\"post-content-wrapper\">\n\t\t\t\t\t\t\t\t\t\t\t\t\t\t\t\t\t<div class=\"the7-simple-post-thumb\">\n\t\t\t\t\t\t\t\t\t\t<a class=\"post-thumbnail-rollover layzr-bg img-css-resize-wrapper\" aria-label=\"Post image\" href=\"https:\/\/dsgik.com\/en\/news\/why-are-companies-struggling-to-find-the-right-talent-in-2026-and-where-is-the-solution\/\"><img decoding=\"async\" width=\"1536\" height=\"1024\" src=\"data:image\/svg+xml,%3Csvg%20xmlns%3D&#039;http%3A%2F%2Fwww.w3.org%2F2000%2Fsvg&#039;%20viewBox%3D&#039;0%200%201536%201024&#039;%2F%3E\" class=\"attachment-full size-full preload-me aspect lazy lazy-load\" alt=\"\" sizes=\"(max-width: 1536px) 100vw, 1536px\" style=\"--ratio: 1536 \/ 1024;\" data-src=\"https:\/\/dsgik.com\/en\/wp-content\/uploads\/2026\/03\/icerik-2.jpeg\" loading=\"eager\" data-srcset=\"https:\/\/dsgik.com\/en\/wp-content\/uploads\/2026\/03\/icerik-2.jpeg 1536w, https:\/\/dsgik.com\/en\/wp-content\/uploads\/2026\/03\/icerik-2-300x200.jpeg 300w, https:\/\/dsgik.com\/en\/wp-content\/uploads\/2026\/03\/icerik-2-1024x683.jpeg 1024w, https:\/\/dsgik.com\/en\/wp-content\/uploads\/2026\/03\/icerik-2-768x512.jpeg 768w\" \/><span class=\"the7-hover-icon\"><\/span><\/a>\t\t\t\t\t\t\t\t\t<\/div>\n\t\t\t\t\t\t\t\t\t\t\t\t\t\t\t\t<div class=\"post-entry-content\">\n\t\t\t\t\t\t\t\t\t<h5 class=\"heading\"><a href=\"https:\/\/dsgik.com\/en\/news\/why-are-companies-struggling-to-find-the-right-talent-in-2026-and-where-is-the-solution\/\" rel=\"bookmark\" title=\"Why Are Companies Struggling to Find the Right Talent in 2026? (And Where Is the Solution?)\" class=\"post-title\">Why Are Companies Struggling to Find the Right Talent in 2026? (And Where Is the Solution?)<\/a><\/h5><div class=\"entry-meta\"><span class=\"meta-item data-link\"><time class=\"entry-date updated\" datetime=\"2026-03-12T13:53:58+00:00\">March 12, 2026<\/time><\/span><\/div><a href=\"https:\/\/dsgik.com\/en\/news\/why-are-companies-struggling-to-find-the-right-talent-in-2026-and-where-is-the-solution\/\" target=\"\" aria-label=\"Read more about Why Are Companies Struggling to Find the Right Talent in 2026? (And Where Is the Solution?)\" class=\"box-button elementor-button elementor-size-sm\">MORE<svg aria-hidden=\"true\" class=\"elementor-button-icon e-font-icon-svg e-fas-arrow-right\" viewBox=\"0 0 448 512\" xmlns=\"http:\/\/www.w3.org\/2000\/svg\"><path d=\"M190.5 66.9l22.2-22.2c9.4-9.4 24.6-9.4 33.9 0L441 239c9.4 9.4 9.4 24.6 0 33.9L246.6 467.3c-9.4 9.4-24.6 9.4-33.9 0l-22.2-22.2c-9.5-9.5-9.3-25 .4-34.3L311.4 296H24c-13.3 0-24-10.7-24-24v-32c0-13.3 10.7-24 24-24h287.4L190.9 101.2c-9.8-9.3-10-24.8-.4-34.3z\"><\/path><\/svg><\/a>\t\t\t\t\t\t\t\t<\/div>\n\t\t\t\t\t\t\t<\/div>\n\t\t\t\t\t\t<\/article>\n\t\t\t\t\t<\/div>\t\t\t\t\t\t\t\t\t\t<div class=\"wf-cell visible \">\n\t\t\t\t\t\t<article class=\"post visible wrapper post-96788 type-post status-publish format-standard has-post-thumbnail hentry category-news\">\n\n\t\t\t\t\t\t\t<div class=\"post-content-wrapper\">\n\t\t\t\t\t\t\t\t\t\t\t\t\t\t\t\t\t<div class=\"the7-simple-post-thumb\">\n\t\t\t\t\t\t\t\t\t\t<a class=\"post-thumbnail-rollover layzr-bg img-css-resize-wrapper\" aria-label=\"Post image\" href=\"https:\/\/dsgik.com\/en\/news\/human-resources-and-recruitment-trends-in-turkiye-in-2025\/\"><img decoding=\"async\" width=\"1536\" height=\"1024\" src=\"data:image\/svg+xml,%3Csvg%20xmlns%3D&#039;http%3A%2F%2Fwww.w3.org%2F2000%2Fsvg&#039;%20viewBox%3D&#039;0%200%201536%201024&#039;%2F%3E\" class=\"attachment-full size-full preload-me aspect lazy lazy-load\" alt=\"\" sizes=\"(max-width: 1536px) 100vw, 1536px\" style=\"--ratio: 1536 \/ 1024;\" data-src=\"https:\/\/dsgik.com\/en\/wp-content\/uploads\/2026\/03\/icerik-1.png\" loading=\"eager\" data-srcset=\"https:\/\/dsgik.com\/en\/wp-content\/uploads\/2026\/03\/icerik-1.png 1536w, https:\/\/dsgik.com\/en\/wp-content\/uploads\/2026\/03\/icerik-1-300x200.png 300w, https:\/\/dsgik.com\/en\/wp-content\/uploads\/2026\/03\/icerik-1-1024x683.png 1024w, https:\/\/dsgik.com\/en\/wp-content\/uploads\/2026\/03\/icerik-1-768x512.png 768w\" \/><span class=\"the7-hover-icon\"><\/span><\/a>\t\t\t\t\t\t\t\t\t<\/div>\n\t\t\t\t\t\t\t\t\t\t\t\t\t\t\t\t<div class=\"post-entry-content\">\n\t\t\t\t\t\t\t\t\t<h5 class=\"heading\"><a href=\"https:\/\/dsgik.com\/en\/news\/human-resources-and-recruitment-trends-in-turkiye-in-2025\/\" rel=\"bookmark\" title=\"Human Resources and Recruitment Trends in T\u00fcrkiye in 2025\" class=\"post-title\">Human Resources and Recruitment Trends in T\u00fcrkiye in 2025<\/a><\/h5><div class=\"entry-meta\"><span class=\"meta-item data-link\"><time class=\"entry-date updated\" datetime=\"2026-03-12T13:46:25+00:00\">March 12, 2026<\/time><\/span><\/div><a href=\"https:\/\/dsgik.com\/en\/news\/human-resources-and-recruitment-trends-in-turkiye-in-2025\/\" target=\"\" aria-label=\"Read more about Human Resources and Recruitment Trends in T\u00fcrkiye in 2025\" class=\"box-button elementor-button elementor-size-sm\">MORE<svg aria-hidden=\"true\" class=\"elementor-button-icon e-font-icon-svg e-fas-arrow-right\" viewBox=\"0 0 448 512\" xmlns=\"http:\/\/www.w3.org\/2000\/svg\"><path d=\"M190.5 66.9l22.2-22.2c9.4-9.4 24.6-9.4 33.9 0L441 239c9.4 9.4 9.4 24.6 0 33.9L246.6 467.3c-9.4 9.4-24.6 9.4-33.9 0l-22.2-22.2c-9.5-9.5-9.3-25 .4-34.3L311.4 296H24c-13.3 0-24-10.7-24-24v-32c0-13.3 10.7-24 24-24h287.4L190.9 101.2c-9.8-9.3-10-24.8-.4-34.3z\"><\/path><\/svg><\/a>\t\t\t\t\t\t\t\t<\/div>\n\t\t\t\t\t\t\t<\/div>\n\t\t\t\t\t\t<\/article>\n\t\t\t\t\t<\/div>\t\t\t\t\t\t\t\t\t\t<div class=\"wf-cell visible \">\n\t\t\t\t\t\t<article class=\"post visible wrapper post-95678 type-post status-publish format-standard has-post-thumbnail hentry category-news\">\n\n\t\t\t\t\t\t\t<div class=\"post-content-wrapper\">\n\t\t\t\t\t\t\t\t\t\t\t\t\t\t\t\t\t<div class=\"the7-simple-post-thumb\">\n\t\t\t\t\t\t\t\t\t\t<a class=\"post-thumbnail-rollover layzr-bg img-css-resize-wrapper\" aria-label=\"Post image\" href=\"https:\/\/dsgik.com\/en\/news\/winning-generation-z-customers-communication-through-trusted-channels-and-individuals\/\"><img decoding=\"async\" width=\"1200\" height=\"757\" src=\"data:image\/svg+xml,%3Csvg%20xmlns%3D&#039;http%3A%2F%2Fwww.w3.org%2F2000%2Fsvg&#039;%20viewBox%3D&#039;0%200%201200%20757&#039;%2F%3E\" class=\"attachment-full size-full preload-me aspect lazy lazy-load\" alt=\"Winning Generation Z Customers: Communication through Trusted Channels and Individuals\" sizes=\"(max-width: 1200px) 100vw, 1200px\" style=\"--ratio: 1200 \/ 757;\" data-src=\"https:\/\/dsgik.com\/en\/wp-content\/uploads\/2024\/04\/z-kusagi-musterilerini-kazanmanin-yolu.jpg\" loading=\"eager\" data-srcset=\"https:\/\/dsgik.com\/en\/wp-content\/uploads\/2024\/04\/z-kusagi-musterilerini-kazanmanin-yolu.jpg 1200w, https:\/\/dsgik.com\/en\/wp-content\/uploads\/2024\/04\/z-kusagi-musterilerini-kazanmanin-yolu-300x189.jpg 300w, https:\/\/dsgik.com\/en\/wp-content\/uploads\/2024\/04\/z-kusagi-musterilerini-kazanmanin-yolu-1024x646.jpg 1024w, https:\/\/dsgik.com\/en\/wp-content\/uploads\/2024\/04\/z-kusagi-musterilerini-kazanmanin-yolu-768x484.jpg 768w\" \/><span class=\"the7-hover-icon\"><\/span><\/a>\t\t\t\t\t\t\t\t\t<\/div>\n\t\t\t\t\t\t\t\t\t\t\t\t\t\t\t\t<div class=\"post-entry-content\">\n\t\t\t\t\t\t\t\t\t<h5 class=\"heading\"><a href=\"https:\/\/dsgik.com\/en\/news\/winning-generation-z-customers-communication-through-trusted-channels-and-individuals\/\" rel=\"bookmark\" title=\"Winning Generation Z Customers: Communication through Trusted Channels and Individuals\" class=\"post-title\">Winning Generation Z Customers: Communication through Trusted Channels and Individuals<\/a><\/h5><div class=\"entry-meta\"><span class=\"meta-item data-link\"><time class=\"entry-date updated\" datetime=\"2024-04-24T16:26:40+00:00\">April 24, 2024<\/time><\/span><\/div><a href=\"https:\/\/dsgik.com\/en\/news\/winning-generation-z-customers-communication-through-trusted-channels-and-individuals\/\" target=\"\" aria-label=\"Read more about Winning Generation Z Customers: Communication through Trusted Channels and Individuals\" class=\"box-button elementor-button elementor-size-sm\">MORE<svg aria-hidden=\"true\" class=\"elementor-button-icon e-font-icon-svg e-fas-arrow-right\" viewBox=\"0 0 448 512\" xmlns=\"http:\/\/www.w3.org\/2000\/svg\"><path d=\"M190.5 66.9l22.2-22.2c9.4-9.4 24.6-9.4 33.9 0L441 239c9.4 9.4 9.4 24.6 0 33.9L246.6 467.3c-9.4 9.4-24.6 9.4-33.9 0l-22.2-22.2c-9.5-9.5-9.3-25 .4-34.3L311.4 296H24c-13.3 0-24-10.7-24-24v-32c0-13.3 10.7-24 24-24h287.4L190.9 101.2c-9.8-9.3-10-24.8-.4-34.3z\"><\/path><\/svg><\/a>\t\t\t\t\t\t\t\t<\/div>\n\t\t\t\t\t\t\t<\/div>\n\t\t\t\t\t\t<\/article>\n\t\t\t\t\t<\/div>\t\t\t\t\t\t\t\t\t\t<div class=\"wf-cell visible \">\n\t\t\t\t\t\t<article class=\"post visible wrapper post-95675 type-post status-publish format-standard has-post-thumbnail hentry category-news\">\n\n\t\t\t\t\t\t\t<div class=\"post-content-wrapper\">\n\t\t\t\t\t\t\t\t\t\t\t\t\t\t\t\t\t<div class=\"the7-simple-post-thumb\">\n\t\t\t\t\t\t\t\t\t\t<a class=\"post-thumbnail-rollover layzr-bg img-css-resize-wrapper\" aria-label=\"Post image\" href=\"https:\/\/dsgik.com\/en\/news\/improving-employees-skills-in-the-age-of-artificial-intelligence-the-impact-of-digital-transformation-on-the-workforce\/\"><img decoding=\"async\" width=\"1200\" height=\"757\" src=\"data:image\/svg+xml,%3Csvg%20xmlns%3D&#039;http%3A%2F%2Fwww.w3.org%2F2000%2Fsvg&#039;%20viewBox%3D&#039;0%200%201200%20757&#039;%2F%3E\" class=\"attachment-full size-full preload-me aspect lazy lazy-load\" alt=\"yapay-zeka-caginda-calisanlarin-becerilerini-gelistirme\" sizes=\"(max-width: 1200px) 100vw, 1200px\" style=\"--ratio: 1200 \/ 757;\" data-src=\"https:\/\/dsgik.com\/en\/wp-content\/uploads\/2024\/03\/yapay-zeka-caginda-calisanlarin-becerilerini-gelistirme.jpg\" loading=\"eager\" data-srcset=\"https:\/\/dsgik.com\/en\/wp-content\/uploads\/2024\/03\/yapay-zeka-caginda-calisanlarin-becerilerini-gelistirme.jpg 1200w, https:\/\/dsgik.com\/en\/wp-content\/uploads\/2024\/03\/yapay-zeka-caginda-calisanlarin-becerilerini-gelistirme-300x189.jpg 300w, https:\/\/dsgik.com\/en\/wp-content\/uploads\/2024\/03\/yapay-zeka-caginda-calisanlarin-becerilerini-gelistirme-1024x646.jpg 1024w, https:\/\/dsgik.com\/en\/wp-content\/uploads\/2024\/03\/yapay-zeka-caginda-calisanlarin-becerilerini-gelistirme-768x484.jpg 768w\" \/><span class=\"the7-hover-icon\"><\/span><\/a>\t\t\t\t\t\t\t\t\t<\/div>\n\t\t\t\t\t\t\t\t\t\t\t\t\t\t\t\t<div class=\"post-entry-content\">\n\t\t\t\t\t\t\t\t\t<h5 class=\"heading\"><a href=\"https:\/\/dsgik.com\/en\/news\/improving-employees-skills-in-the-age-of-artificial-intelligence-the-impact-of-digital-transformation-on-the-workforce\/\" rel=\"bookmark\" title=\"Improving Employees&#8217; Skills in the Age of Artificial Intelligence: The Impact of Digital Transformation on the Workforce\" class=\"post-title\">Improving Employees&#8217; Skills in the Age of Artificial Intelligence: The Impact of Digital Transformation on the Workforce<\/a><\/h5><div class=\"entry-meta\"><span class=\"meta-item data-link\"><time class=\"entry-date updated\" datetime=\"2024-03-24T16:25:10+00:00\">March 24, 2024<\/time><\/span><\/div><a href=\"https:\/\/dsgik.com\/en\/news\/improving-employees-skills-in-the-age-of-artificial-intelligence-the-impact-of-digital-transformation-on-the-workforce\/\" target=\"\" aria-label=\"Read more about Improving Employees&#8217; Skills in the Age of Artificial Intelligence: The Impact of Digital Transformation on the Workforce\" class=\"box-button elementor-button elementor-size-sm\">MORE<svg aria-hidden=\"true\" class=\"elementor-button-icon e-font-icon-svg e-fas-arrow-right\" viewBox=\"0 0 448 512\" xmlns=\"http:\/\/www.w3.org\/2000\/svg\"><path d=\"M190.5 66.9l22.2-22.2c9.4-9.4 24.6-9.4 33.9 0L441 239c9.4 9.4 9.4 24.6 0 33.9L246.6 467.3c-9.4 9.4-24.6 9.4-33.9 0l-22.2-22.2c-9.5-9.5-9.3-25 .4-34.3L311.4 296H24c-13.3 0-24-10.7-24-24v-32c0-13.3 10.7-24 24-24h287.4L190.9 101.2c-9.8-9.3-10-24.8-.4-34.3z\"><\/path><\/svg><\/a>\t\t\t\t\t\t\t\t<\/div>\n\t\t\t\t\t\t\t<\/div>\n\t\t\t\t\t\t<\/article>\n\t\t\t\t\t<\/div>\t\t\t\t\t\t\t\t\t\t<div class=\"wf-cell visible \">\n\t\t\t\t\t\t<article class=\"post visible wrapper post-95672 type-post status-publish format-standard has-post-thumbnail hentry category-news\">\n\n\t\t\t\t\t\t\t<div class=\"post-content-wrapper\">\n\t\t\t\t\t\t\t\t\t\t\t\t\t\t\t\t\t<div class=\"the7-simple-post-thumb\">\n\t\t\t\t\t\t\t\t\t\t<a class=\"post-thumbnail-rollover layzr-bg img-css-resize-wrapper\" aria-label=\"Post image\" href=\"https:\/\/dsgik.com\/en\/news\/7-common-mistakes-leaders-make-while-leading-change\/\"><img decoding=\"async\" width=\"1200\" height=\"757\" src=\"data:image\/svg+xml,%3Csvg%20xmlns%3D&#039;http%3A%2F%2Fwww.w3.org%2F2000%2Fsvg&#039;%20viewBox%3D&#039;0%200%201200%20757&#039;%2F%3E\" class=\"attachment-full size-full preload-me aspect lazy lazy-load\" alt=\"7 Common Mistakes Leaders Make While Leading Change\" sizes=\"(max-width: 1200px) 100vw, 1200px\" style=\"--ratio: 1200 \/ 757;\" data-src=\"https:\/\/dsgik.com\/en\/wp-content\/uploads\/2024\/02\/liderlerin-degisime-onculuk-ederken-yaptigi-7-yaygin-hata.jpg\" loading=\"eager\" data-srcset=\"https:\/\/dsgik.com\/en\/wp-content\/uploads\/2024\/02\/liderlerin-degisime-onculuk-ederken-yaptigi-7-yaygin-hata.jpg 1200w, https:\/\/dsgik.com\/en\/wp-content\/uploads\/2024\/02\/liderlerin-degisime-onculuk-ederken-yaptigi-7-yaygin-hata-300x189.jpg 300w, https:\/\/dsgik.com\/en\/wp-content\/uploads\/2024\/02\/liderlerin-degisime-onculuk-ederken-yaptigi-7-yaygin-hata-1024x646.jpg 1024w, https:\/\/dsgik.com\/en\/wp-content\/uploads\/2024\/02\/liderlerin-degisime-onculuk-ederken-yaptigi-7-yaygin-hata-768x484.jpg 768w\" \/><span class=\"the7-hover-icon\"><\/span><\/a>\t\t\t\t\t\t\t\t\t<\/div>\n\t\t\t\t\t\t\t\t\t\t\t\t\t\t\t\t<div class=\"post-entry-content\">\n\t\t\t\t\t\t\t\t\t<h5 class=\"heading\"><a href=\"https:\/\/dsgik.com\/en\/news\/7-common-mistakes-leaders-make-while-leading-change\/\" rel=\"bookmark\" title=\"7 Common Mistakes Leaders Make While Leading Change\" class=\"post-title\">7 Common Mistakes Leaders Make While Leading Change<\/a><\/h5><div class=\"entry-meta\"><span class=\"meta-item data-link\"><time class=\"entry-date updated\" datetime=\"2024-02-24T16:23:51+00:00\">February 24, 2024<\/time><\/span><\/div><a href=\"https:\/\/dsgik.com\/en\/news\/7-common-mistakes-leaders-make-while-leading-change\/\" target=\"\" aria-label=\"Read more about 7 Common Mistakes Leaders Make While Leading Change\" class=\"box-button elementor-button elementor-size-sm\">MORE<svg aria-hidden=\"true\" class=\"elementor-button-icon e-font-icon-svg e-fas-arrow-right\" viewBox=\"0 0 448 512\" xmlns=\"http:\/\/www.w3.org\/2000\/svg\"><path d=\"M190.5 66.9l22.2-22.2c9.4-9.4 24.6-9.4 33.9 0L441 239c9.4 9.4 9.4 24.6 0 33.9L246.6 467.3c-9.4 9.4-24.6 9.4-33.9 0l-22.2-22.2c-9.5-9.5-9.3-25 .4-34.3L311.4 296H24c-13.3 0-24-10.7-24-24v-32c0-13.3 10.7-24 24-24h287.4L190.9 101.2c-9.8-9.3-10-24.8-.4-34.3z\"><\/path><\/svg><\/a>\t\t\t\t\t\t\t\t<\/div>\n\t\t\t\t\t\t\t<\/div>\n\t\t\t\t\t\t<\/article>\n\t\t\t\t\t<\/div>\t\t\t\t\t\t\t\t\t\t<div class=\"wf-cell visible \">\n\t\t\t\t\t\t<article class=\"post visible wrapper post-95668 type-post status-publish format-standard has-post-thumbnail hentry category-news\">\n\n\t\t\t\t\t\t\t<div class=\"post-content-wrapper\">\n\t\t\t\t\t\t\t\t\t\t\t\t\t\t\t\t\t<div class=\"the7-simple-post-thumb\">\n\t\t\t\t\t\t\t\t\t\t<a class=\"post-thumbnail-rollover layzr-bg img-css-resize-wrapper\" aria-label=\"Post image\" href=\"https:\/\/dsgik.com\/en\/news\/artificial-intelligence-will-continue-to-be-transformative-in-e-commerce-in-2024\/\"><img decoding=\"async\" width=\"1200\" height=\"757\" src=\"data:image\/svg+xml,%3Csvg%20xmlns%3D&#039;http%3A%2F%2Fwww.w3.org%2F2000%2Fsvg&#039;%20viewBox%3D&#039;0%200%201200%20757&#039;%2F%3E\" class=\"attachment-full size-full preload-me aspect lazy lazy-load\" alt=\"Artificial Intelligence Will Continue to be Transformative in E-Commerce in 2024\" sizes=\"(max-width: 1200px) 100vw, 1200px\" style=\"--ratio: 1200 \/ 757;\" data-src=\"https:\/\/dsgik.com\/en\/wp-content\/uploads\/2024\/03\/news_ai.jpg\" loading=\"eager\" data-srcset=\"https:\/\/dsgik.com\/en\/wp-content\/uploads\/2024\/03\/news_ai.jpg 1200w, https:\/\/dsgik.com\/en\/wp-content\/uploads\/2024\/03\/news_ai-300x189.jpg 300w, https:\/\/dsgik.com\/en\/wp-content\/uploads\/2024\/03\/news_ai-1024x646.jpg 1024w, https:\/\/dsgik.com\/en\/wp-content\/uploads\/2024\/03\/news_ai-768x484.jpg 768w\" \/><span class=\"the7-hover-icon\"><\/span><\/a>\t\t\t\t\t\t\t\t\t<\/div>\n\t\t\t\t\t\t\t\t\t\t\t\t\t\t\t\t<div class=\"post-entry-content\">\n\t\t\t\t\t\t\t\t\t<h5 class=\"heading\"><a href=\"https:\/\/dsgik.com\/en\/news\/artificial-intelligence-will-continue-to-be-transformative-in-e-commerce-in-2024\/\" rel=\"bookmark\" title=\"Artificial Intelligence Will Continue to be Transformative in E-Commerce in 2024\" class=\"post-title\">Artificial Intelligence Will Continue to be Transformative in E-Commerce in 2024<\/a><\/h5><div class=\"entry-meta\"><span class=\"meta-item data-link\"><time class=\"entry-date updated\" datetime=\"2024-01-24T16:21:23+00:00\">January 24, 2024<\/time><\/span><\/div><a href=\"https:\/\/dsgik.com\/en\/news\/artificial-intelligence-will-continue-to-be-transformative-in-e-commerce-in-2024\/\" target=\"\" aria-label=\"Read more about Artificial Intelligence Will Continue to be Transformative in E-Commerce in 2024\" class=\"box-button elementor-button elementor-size-sm\">MORE<svg aria-hidden=\"true\" class=\"elementor-button-icon e-font-icon-svg e-fas-arrow-right\" viewBox=\"0 0 448 512\" xmlns=\"http:\/\/www.w3.org\/2000\/svg\"><path d=\"M190.5 66.9l22.2-22.2c9.4-9.4 24.6-9.4 33.9 0L441 239c9.4 9.4 9.4 24.6 0 33.9L246.6 467.3c-9.4 9.4-24.6 9.4-33.9 0l-22.2-22.2c-9.5-9.5-9.3-25 .4-34.3L311.4 296H24c-13.3 0-24-10.7-24-24v-32c0-13.3 10.7-24 24-24h287.4L190.9 101.2c-9.8-9.3-10-24.8-.4-34.3z\"><\/path><\/svg><\/a>\t\t\t\t\t\t\t\t<\/div>\n\t\t\t\t\t\t\t<\/div>\n\t\t\t\t\t\t<\/article>\n\t\t\t\t\t<\/div>\t\t\t\t\t\t\t\t<\/div>\n\t\t<\/div>\t\t<\/div>\n\t\t\t\t<\/div>\n\t\t\t\t\t<\/div>\n\t\t<\/div>\n\t\t\t\t\t<\/div>\n\t\t<\/section>\n\t\t\t\t<\/div>\n\t\t","protected":false},"excerpt":{"rendered":"<p>Z Ku\u015fa\u011f\u0131 M\u00fc\u015fterilerini Kazanman\u0131n Yolu: G\u00fcvendikleri Kanallar ve Ki\u015filerle \u0130leti\u015fim 24 Nisan 2024MORE Yapay Zeka \u00c7a\u011f\u0131nda \u00c7al\u0131\u015fanlar\u0131n Becerilerini Geli\u015ftirmek: Dijital D\u00f6n\u00fc\u015f\u00fcm\u00fcn \u0130\u015f G\u00fcc\u00fcne Etkisi 24 Mart 2024MORE Liderlerin De\u011fi\u015fime \u00d6nc\u00fcl\u00fck Ederken Yapt\u0131\u011f\u0131 7 Yayg\u0131n Hata 24 \u015eubat 2024MORE Yapay Zeka, 2024\u2019te E-Ticaret Alan\u0131nda D\u00f6n\u00fc\u015ft\u00fcr\u00fcc\u00fc Olmay\u0131 S\u00fcrd\u00fcrecek 24 Ocak 2024MORE Teknolojiye daha fazla kad\u0131n eli de\u011fecek!&hellip;<\/p>\n","protected":false},"author":1,"featured_media":0,"parent":0,"menu_order":18,"comment_status":"closed","ping_status":"closed","template":"","meta":{"footnotes":""},"_links":{"self":[{"href":"https:\/\/dsgik.com\/en\/wp-json\/wp\/v2\/pages\/11"}],"collection":[{"href":"https:\/\/dsgik.com\/en\/wp-json\/wp\/v2\/pages"}],"about":[{"href":"https:\/\/dsgik.com\/en\/wp-json\/wp\/v2\/types\/page"}],"author":[{"embeddable":true,"href":"https:\/\/dsgik.com\/en\/wp-json\/wp\/v2\/users\/1"}],"replies":[{"embeddable":true,"href":"https:\/\/dsgik.com\/en\/wp-json\/wp\/v2\/comments?post=11"}],"version-history":[{"count":59,"href":"https:\/\/dsgik.com\/en\/wp-json\/wp\/v2\/pages\/11\/revisions"}],"predecessor-version":[{"id":96345,"href":"https:\/\/dsgik.com\/en\/wp-json\/wp\/v2\/pages\/11\/revisions\/96345"}],"wp:attachment":[{"href":"https:\/\/dsgik.com\/en\/wp-json\/wp\/v2\/media?parent=11"}],"curies":[{"name":"wp","href":"https:\/\/api.w.org\/{rel}","templated":true}]}}