{"id":8039,"date":"2024-06-03T13:28:30","date_gmt":"2024-06-03T13:28:30","guid":{"rendered":"https:\/\/the7.io\/business-advisors\/?page_id=2"},"modified":"2024-07-02T13:42:03","modified_gmt":"2024-07-02T13:42:03","slug":"contact","status":"publish","type":"page","link":"https:\/\/dsgik.com\/en\/contact\/","title":{"rendered":"Contact"},"content":{"rendered":"\t\t<div data-elementor-type=\"wp-page\" data-elementor-id=\"8039\" class=\"elementor elementor-8039\" data-elementor-post-type=\"page\">\n\t\t\t\t<div class=\"elementor-element elementor-element-565dac7 e-flex e-con-boxed e-con e-parent\" data-id=\"565dac7\" data-element_type=\"container\" data-settings=\"{&quot;background_background&quot;:&quot;gradient&quot;}\">\n\t\t\t\t\t<div class=\"e-con-inner\">\n\t\t<div class=\"elementor-element elementor-element-a403f80 e-con-full e-flex e-con e-child\" data-id=\"a403f80\" data-element_type=\"container\">\n\t\t<div class=\"elementor-element elementor-element-5be26f6 e-con-full e-flex e-con e-child\" data-id=\"5be26f6\" data-element_type=\"container\" data-settings=\"{&quot;background_background&quot;:&quot;classic&quot;}\">\n\t\t\t\t<div class=\"elementor-element elementor-element-204f81c elementor-widget elementor-widget-heading\" data-id=\"204f81c\" data-element_type=\"widget\" data-widget_type=\"heading.default\">\n\t\t\t\t<div class=\"elementor-widget-container\">\n\t\t\t<h3 class=\"elementor-heading-title elementor-size-default\">Istanbul Office<\/h3>\t\t<\/div>\n\t\t\t\t<\/div>\n\t\t\t\t<div class=\"elementor-element elementor-element-69eda42 elementor-widget elementor-widget-text-editor\" data-id=\"69eda42\" data-element_type=\"widget\" data-widget_type=\"text-editor.default\">\n\t\t\t\t<div class=\"elementor-widget-container\">\n\t\t\t\t\t\t\t<p><b>Phone:<br \/><\/b>(0216) 338 95 90<br \/><b>Fax:<br \/><\/b>(0216) 338 95 84<br \/><b>Mail:<br \/><\/b>bilgi@dsgik.com<br \/><b>Address:<br \/><\/b>Ac\u0131badem Mahallesi, \u00c7e\u00e7en Soka\u011f\u0131 Akasya Kent Etab\u0131 Ofis Kulesi D:258, Blok No: 25\/A, 34660 \u00dcsk\u00fcdar\/\u0130stanbul<\/p>\t\t\t\t\t\t<\/div>\n\t\t\t\t<\/div>\n\t\t\t\t<div class=\"elementor-element elementor-element-d3d5633 elementor-widget__width-auto elementor-mobile-align-left elementor-widget-mobile__width-inherit elementor-widget elementor-widget-the7_button_widget\" data-id=\"d3d5633\" data-element_type=\"widget\" data-widget_type=\"the7_button_widget.default\">\n\t\t\t\t<div class=\"elementor-widget-container\">\n\t\t\t<div class=\"elementor-button-wrapper\"><a href=\"https:\/\/www.google.com\/maps\/d\/u\/0\/viewer?mid=1HVajMlwoplvsSZdP5_b_LP_Y7E4&#038;femb=1&#038;ll=41.00049599999999%2C29.054574000000024&#038;z=8\" target=\"_blank\" rel=\"nofollow noopener\" class=\"box-button elementor-button elementor-size-lg\">View on Map<\/a><\/div>\t\t<\/div>\n\t\t\t\t<\/div>\n\t\t\t\t<\/div>\n\t\t<div class=\"elementor-element elementor-element-ede907a e-con-full e-flex e-con e-child\" data-id=\"ede907a\" data-element_type=\"container\" data-settings=\"{&quot;background_background&quot;:&quot;classic&quot;}\">\n\t\t\t\t<div class=\"elementor-element elementor-element-aa1cb78 elementor-widget elementor-widget-heading\" data-id=\"aa1cb78\" data-element_type=\"widget\" data-widget_type=\"heading.default\">\n\t\t\t\t<div class=\"elementor-widget-container\">\n\t\t\t<h3 class=\"elementor-heading-title elementor-size-default\">Ankara Office<\/h3>\t\t<\/div>\n\t\t\t\t<\/div>\n\t\t\t\t<div class=\"elementor-element elementor-element-019e3a8 elementor-widget elementor-widget-text-editor\" data-id=\"019e3a8\" data-element_type=\"widget\" data-widget_type=\"text-editor.default\">\n\t\t\t\t<div class=\"elementor-widget-container\">\n\t\t\t\t\t\t\t<p><b>Phone:<br \/><\/b>(0312) 442 77 01<br \/><b>Fax:<br \/><\/b>(0312) 438 59 23<br \/><b>Mail:<br \/><\/b>bilgi@dsgik.com<br \/><b>Address: <br \/><\/b>Y\u0131ld\u0131zevler Mah. 714. Sk. Vizyon Plaza No:5 D:45 \u00c7ankaya \/ Ankara<\/p>\t\t\t\t\t\t<\/div>\n\t\t\t\t<\/div>\n\t\t\t\t<div class=\"elementor-element elementor-element-944b927 elementor-widget__width-auto elementor-mobile-align-left elementor-widget-mobile__width-inherit elementor-widget elementor-widget-the7_button_widget\" data-id=\"944b927\" data-element_type=\"widget\" data-widget_type=\"the7_button_widget.default\">\n\t\t\t\t<div class=\"elementor-widget-container\">\n\t\t\t<div class=\"elementor-button-wrapper\"><a href=\"https:\/\/www.google.com\/maps\/d\/u\/0\/viewer?mid=1HVajMlwoplvsSZdP5_b_LP_Y7E4&#038;femb=1&#038;ll=39.87620059999999%2C32.86107300000001&#038;z=8\" target=\"_blank\" rel=\"nofollow noopener\" class=\"box-button elementor-button elementor-size-lg\">View on Map<\/a><\/div>\t\t<\/div>\n\t\t\t\t<\/div>\n\t\t\t\t<\/div>\n\t\t\t\t<\/div>\n\t\t<div class=\"elementor-element elementor-element-e723be2 e-con-full e-flex e-con e-child\" data-id=\"e723be2\" data-element_type=\"container\" data-settings=\"{&quot;background_background&quot;:&quot;classic&quot;}\">\n\t\t<div class=\"elementor-element elementor-element-8f9c8dd services-sticky e-flex e-con-boxed e-con e-child\" data-id=\"8f9c8dd\" data-element_type=\"container\" data-settings=\"{&quot;background_background&quot;:&quot;classic&quot;,&quot;sticky&quot;:&quot;top&quot;,&quot;sticky_on&quot;:[&quot;desktop&quot;,&quot;tablet&quot;],&quot;sticky_offset&quot;:80,&quot;sticky_effects_offset&quot;:80,&quot;sticky_parent&quot;:&quot;yes&quot;,&quot;the7_sticky_row_stick_offset&quot;:{&quot;unit&quot;:&quot;px&quot;,&quot;size&quot;:&quot;&quot;,&quot;sizes&quot;:[]}}\">\n\t\t\t\t\t<div class=\"e-con-inner\">\n\t\t\t\t<div class=\"elementor-element elementor-element-96f36d9 elementor-widget elementor-widget-heading\" data-id=\"96f36d9\" data-element_type=\"widget\" data-widget_type=\"heading.default\">\n\t\t\t\t<div class=\"elementor-widget-container\">\n\t\t\t<span class=\"elementor-heading-title elementor-size-default\">Contact Form<\/span>\t\t<\/div>\n\t\t\t\t<\/div>\n\t\t\t\t<div class=\"elementor-element elementor-element-5e2855a elementor-button-align-center elementor-widget elementor-widget-form\" data-id=\"5e2855a\" data-element_type=\"widget\" data-settings=\"{&quot;step_next_label&quot;:&quot;Next&quot;,&quot;step_previous_label&quot;:&quot;Previous&quot;,&quot;step_type&quot;:&quot;number_text&quot;,&quot;step_icon_shape&quot;:&quot;circle&quot;}\" data-widget_type=\"form.default\">\n\t\t\t\t<div class=\"elementor-widget-container\">\n\t\t\t\t\t<form class=\"elementor-form\" method=\"post\" name=\"Contact Form\">\n\t\t\t<input type=\"hidden\" name=\"post_id\" value=\"8039\"\/>\n\t\t\t<input type=\"hidden\" name=\"form_id\" value=\"5e2855a\"\/>\n\t\t\t<input type=\"hidden\" name=\"referer_title\" value=\"\" \/>\n\n\t\t\t\n\t\t\t<div class=\"elementor-form-fields-wrapper elementor-labels-above\">\n\t\t\t\t\t\t\t\t<div class=\"elementor-field-type-text elementor-field-group elementor-column elementor-field-group-name elementor-col-50 elementor-field-required elementor-mark-required\">\n\t\t\t\t\t\t\t\t\t\t\t\t<label for=\"form-field-name\" class=\"elementor-field-label\">\n\t\t\t\t\t\t\t\tName\t\t\t\t\t\t\t<\/label>\n\t\t\t\t\t\t\t\t\t\t\t\t\t\t<input size=\"1\" type=\"text\" name=\"form_fields[name]\" id=\"form-field-name\" class=\"elementor-field elementor-size-md  elementor-field-textual\" required=\"required\" aria-required=\"true\">\n\t\t\t\t\t\t\t\t\t\t\t<\/div>\n\t\t\t\t\t\t\t\t<div class=\"elementor-field-type-tel elementor-field-group elementor-column elementor-field-group-field_90029d6 elementor-col-50 elementor-field-required elementor-mark-required\">\n\t\t\t\t\t\t\t\t\t\t\t\t<label for=\"form-field-field_90029d6\" class=\"elementor-field-label\">\n\t\t\t\t\t\t\t\tPhone\t\t\t\t\t\t\t<\/label>\n\t\t\t\t\t\t\t\t<input size=\"1\" type=\"tel\" name=\"form_fields[field_90029d6]\" id=\"form-field-field_90029d6\" class=\"elementor-field elementor-size-md  elementor-field-textual\" required=\"required\" aria-required=\"true\" pattern=\"[0-9()#&amp;+*-=.]+\" title=\"Only numbers and phone characters (#, -, *, etc) are accepted.\">\n\n\t\t\t\t\t\t<\/div>\n\t\t\t\t\t\t\t\t<div class=\"elementor-field-type-text elementor-field-group elementor-column elementor-field-group-field_c0c8f15 elementor-col-50\">\n\t\t\t\t\t\t\t\t\t\t\t\t<label for=\"form-field-field_c0c8f15\" class=\"elementor-field-label\">\n\t\t\t\t\t\t\t\tCompnay\t\t\t\t\t\t\t<\/label>\n\t\t\t\t\t\t\t\t\t\t\t\t\t\t<input size=\"1\" type=\"text\" name=\"form_fields[field_c0c8f15]\" id=\"form-field-field_c0c8f15\" class=\"elementor-field elementor-size-md  elementor-field-textual\">\n\t\t\t\t\t\t\t\t\t\t\t<\/div>\n\t\t\t\t\t\t\t\t<div class=\"elementor-field-type-email elementor-field-group elementor-column elementor-field-group-field_954ac6f elementor-col-50 elementor-field-required elementor-mark-required\">\n\t\t\t\t\t\t\t\t\t\t\t\t<label for=\"form-field-field_954ac6f\" class=\"elementor-field-label\">\n\t\t\t\t\t\t\t\tEmail\t\t\t\t\t\t\t<\/label>\n\t\t\t\t\t\t\t\t\t\t\t\t\t\t<input size=\"1\" type=\"email\" name=\"form_fields[field_954ac6f]\" id=\"form-field-field_954ac6f\" class=\"elementor-field elementor-size-md  elementor-field-textual\" required=\"required\" aria-required=\"true\">\n\t\t\t\t\t\t\t\t\t\t\t<\/div>\n\t\t\t\t\t\t\t\t<div class=\"elementor-field-type-textarea elementor-field-group elementor-column elementor-field-group-field_e97b40f elementor-col-100 elementor-field-required elementor-mark-required\">\n\t\t\t\t\t\t\t\t\t\t\t\t<label for=\"form-field-field_e97b40f\" class=\"elementor-field-label\">\n\t\t\t\t\t\t\t\tMessage\t\t\t\t\t\t\t<\/label>\n\t\t\t\t\t\t<textarea class=\"elementor-field-textual elementor-field  elementor-size-md\" name=\"form_fields[field_e97b40f]\" id=\"form-field-field_e97b40f\" rows=\"3\" required=\"required\" aria-required=\"true\"><\/textarea>\t\t\t\t<\/div>\n\t\t\t\t\t\t\t\t<div class=\"elementor-field-type-recaptcha_v3 elementor-field-group elementor-column elementor-field-group-field_979093b elementor-col-100 recaptcha_v3-bottomright\">\n\t\t\t\t\t<div class=\"elementor-field\" id=\"form-field-field_979093b\"><div class=\"elementor-g-recaptcha\" data-sitekey=\"6LdIyAAqAAAAAJ6Gr4YY5n0uNw7kFWgoIf8UsfOM\" data-type=\"v3\" data-action=\"Form\" data-badge=\"bottomright\" data-size=\"invisible\"><\/div><\/div>\t\t\t\t<\/div>\n\t\t\t\t\t\t\t\t<div class=\"elementor-field-group elementor-column elementor-field-type-submit elementor-col-100 e-form__buttons\">\n\t\t\t\t\t<button class=\"elementor-button elementor-size-lg\" type=\"submit\">\n\t\t\t\t\t\t<span class=\"elementor-button-content-wrapper\">\n\t\t\t\t\t\t\t\t\t\t\t\t\t\t\t<span class=\"elementor-button-icon\">\n\t\t\t\t\t\t\t\t\t<i aria-hidden=\"true\" class=\"feather feather-phone-incoming\"><\/i>\t\t\t\t\t\t\t\t\t\t\t\t\t\t\t\t\t<\/span>\n\t\t\t\t\t\t\t\t\t\t\t\t\t\t\t\t\t\t\t\t\t\t<span class=\"elementor-button-text\">Submit Form<\/span>\n\t\t\t\t\t\t\t\t\t\t\t\t\t<\/span>\n\t\t\t\t\t<\/button>\n\t\t\t\t<\/div>\n\t\t\t<\/div>\n\t\t<\/form>\n\t\t\t\t<\/div>\n\t\t\t\t<\/div>\n\t\t\t\t\t<\/div>\n\t\t\t\t<\/div>\n\t\t\t\t<\/div>\n\t\t\t\t\t<\/div>\n\t\t\t\t<\/div>\n\t\t\t\t<\/div>\n\t\t","protected":false},"excerpt":{"rendered":"<p>Istanbul Office Phone:(0216) 338 95 90Fax:(0216) 338 95 84Mail:bilgi@dsgik.comAddress:Ac\u0131badem Mahallesi, \u00c7e\u00e7en Soka\u011f\u0131 Akasya Kent Etab\u0131 Ofis Kulesi D:258, Blok No: 25\/A, 34660 \u00dcsk\u00fcdar\/\u0130stanbul View on Map Ankara Office Phone:(0312) 442 77 01Fax:(0312) 438 59 23Mail:bilgi@dsgik.comAddress: Y\u0131ld\u0131zevler Mah. 714. Sk. Vizyon Plaza No:5 D:45 \u00c7ankaya \/ Ankara View on Map Contact Form<\/p>\n","protected":false},"author":1,"featured_media":95803,"parent":0,"menu_order":45,"comment_status":"closed","ping_status":"closed","template":"","meta":{"footnotes":""},"_links":{"self":[{"href":"https:\/\/dsgik.com\/en\/wp-json\/wp\/v2\/pages\/8039"}],"collection":[{"href":"https:\/\/dsgik.com\/en\/wp-json\/wp\/v2\/pages"}],"about":[{"href":"https:\/\/dsgik.com\/en\/wp-json\/wp\/v2\/types\/page"}],"author":[{"embeddable":true,"href":"https:\/\/dsgik.com\/en\/wp-json\/wp\/v2\/users\/1"}],"replies":[{"embeddable":true,"href":"https:\/\/dsgik.com\/en\/wp-json\/wp\/v2\/comments?post=8039"}],"version-history":[{"count":275,"href":"https:\/\/dsgik.com\/en\/wp-json\/wp\/v2\/pages\/8039\/revisions"}],"predecessor-version":[{"id":96270,"href":"https:\/\/dsgik.com\/en\/wp-json\/wp\/v2\/pages\/8039\/revisions\/96270"}],"wp:featuredmedia":[{"embeddable":true,"href":"https:\/\/dsgik.com\/en\/wp-json\/wp\/v2\/media\/95803"}],"wp:attachment":[{"href":"https:\/\/dsgik.com\/en\/wp-json\/wp\/v2\/media?parent=8039"}],"curies":[{"name":"wp","href":"https:\/\/api.w.org\/{rel}","templated":true}]}}