{"id":93364,"date":"2024-06-06T06:23:30","date_gmt":"2024-06-06T06:23:30","guid":{"rendered":"https:\/\/94.199.206.131\/~dsgikcom\/?page_id=93364"},"modified":"2024-08-04T19:31:30","modified_gmt":"2024-08-04T19:31:30","slug":"assignments","status":"publish","type":"page","link":"https:\/\/dsgik.com\/en\/assignments\/","title":{"rendered":"Assignments"},"content":{"rendered":"\t\t<div data-elementor-type=\"wp-page\" data-elementor-id=\"93364\" class=\"elementor elementor-93364\" data-elementor-post-type=\"page\">\n\t\t\t\t<div class=\"elementor-element elementor-element-91eab74 e-flex e-con-boxed e-con e-parent\" data-id=\"91eab74\" data-element_type=\"container\">\n\t\t\t\t\t<div class=\"e-con-inner\">\n\t\t\t\t<div class=\"elementor-element elementor-element-eba0638 atamalar-grid-box content-align-left icon-box-vertical-align-top preserve-img-ratio-cover icon-vertical-align-start elementor-widget elementor-widget-the7_image_box_grid_widget\" data-id=\"eba0638\" data-element_type=\"widget\" data-widget_type=\"the7_image_box_grid_widget.default\">\n\t\t\t\t<div class=\"elementor-widget-container\">\n\t\t\t<div class=\"the7-box-grid-wrapper the7-elementor-widget loading-effect-none the7_image_box_grid_widget-eba0638\">\t\t\t<div class=\"dt-css-grid\">\n\t\t\t\t\t\t\t\t\t<div class=\"wf-cell shown\">\n\t\t\t\t\t\t<div class=\"the7-image-box-wrapper the7-box-wrapper the7-elementor-widget\">\t\t\t\t\t\t\t<div class=\"box-content-wrapper\">\n\n\t\t\t\t\t\t\t\t\t\t\t\t\t\t\t\t\t<div class=\"elementor-image-div \">\n\t\t\t\t\t\t\t\t\t\t<a class=\"post-thumbnail-rollover layzr-bg img-css-resize-wrapper\" ><img fetchpriority=\"high\" decoding=\"async\" width=\"320\" height=\"320\" src=\"data:image\/svg+xml,%3Csvg%20xmlns%3D&#039;http%3A%2F%2Fwww.w3.org%2F2000%2Fsvg&#039;%20viewBox%3D&#039;0%200%20320%20320&#039;%2F%3E\" class=\"attachment-full size-full preload-me aspect lazy lazy-load\" alt=\"Christian-Hein\" sizes=\"(max-width: 320px) 100vw, 320px\" style=\"--ratio: 320 \/ 320;\" data-src=\"https:\/\/dsgik.com\/en\/wp-content\/uploads\/2024\/06\/Christian-Hein.jpg\" loading=\"eager\" data-srcset=\"https:\/\/dsgik.com\/en\/wp-content\/uploads\/2024\/06\/Christian-Hein.jpg 320w, https:\/\/dsgik.com\/en\/wp-content\/uploads\/2024\/06\/Christian-Hein-300x300.jpg 300w, https:\/\/dsgik.com\/en\/wp-content\/uploads\/2024\/06\/Christian-Hein-150x150.jpg 150w\" \/><\/a>\t\t\t\t\t\t\t\t\t<\/div>\n\t\t\t\t\t\t\t\t\t\t\t\t\t\t\t\t<div class=\"box-content\">\n\t\t\t\t\t\t\t\t\t<div class=\"box-heading\"><a >Christian Hein<\/a><\/div><div class=\"box-description\"><span>Corendon Airlines<\/span>\nWith his experience in the international aviation sector, Christian Hein has embarked on a successful career in sales and marketing, assuming the role of Chief Sales and Marketing Officer at Corendon Airlines in June. Corendon Airlines, an international airline flying to 165 destinations in 65 countries, including popular holiday destinations across Europe and T\u00fcrkiye, continues to deliver flawless flight experiences with its team of 3,700 experts based in T\u00fcrkiye, the Netherlands, and Malta.<\/div>\t\t\t\t\t\t\t\t<\/div>\n\t\t\t\t\t\t\t<\/div>\n\t\t\t\t\t\t<\/div>\t\t\t\t\t<\/div>\n\t\t\t\t\t\t\t\t\t\t<div class=\"wf-cell shown\">\n\t\t\t\t\t\t<div class=\"the7-image-box-wrapper the7-box-wrapper the7-elementor-widget\">\t\t\t\t\t\t\t<div class=\"box-content-wrapper\">\n\n\t\t\t\t\t\t\t\t\t\t\t\t\t\t\t\t\t<div class=\"elementor-image-div \">\n\t\t\t\t\t\t\t\t\t\t<a class=\"post-thumbnail-rollover layzr-bg img-css-resize-wrapper\" ><img decoding=\"async\" width=\"320\" height=\"320\" src=\"data:image\/svg+xml,%3Csvg%20xmlns%3D&#039;http%3A%2F%2Fwww.w3.org%2F2000%2Fsvg&#039;%20viewBox%3D&#039;0%200%20320%20320&#039;%2F%3E\" class=\"attachment-full size-full preload-me aspect lazy lazy-load\" alt=\"Zeynep-Kaptan-Bas\u0327ar\" sizes=\"(max-width: 320px) 100vw, 320px\" style=\"--ratio: 320 \/ 320;\" data-src=\"https:\/\/dsgik.com\/en\/wp-content\/uploads\/2024\/06\/Zeynep-Kaptan-Basar.jpg\" loading=\"eager\" data-srcset=\"https:\/\/dsgik.com\/en\/wp-content\/uploads\/2024\/06\/Zeynep-Kaptan-Basar.jpg 320w, https:\/\/dsgik.com\/en\/wp-content\/uploads\/2024\/06\/Zeynep-Kaptan-Basar-300x300.jpg 300w, https:\/\/dsgik.com\/en\/wp-content\/uploads\/2024\/06\/Zeynep-Kaptan-Basar-150x150.jpg 150w\" \/><\/a>\t\t\t\t\t\t\t\t\t<\/div>\n\t\t\t\t\t\t\t\t\t\t\t\t\t\t\t\t<div class=\"box-content\">\n\t\t\t\t\t\t\t\t\t<div class=\"box-heading\"><a >Zeynep Kaptan Ba\u015far<\/a><\/div><div class=\"box-description\"><span>Octet T\u00fcrkiye<\/span>\nOctet T\u00fcrkiye announced that Zeynep Kaptan Ba\u015far is the new leader of the Human Resources department. A graduate of Dokuz Eyl\u00fcl University's Business Administration Department, Zeynep Kaptan Ba\u015far began her professional career in 2006. In 2011, she served as the Training Manager at Ayayd\u0131n Miroglio Group, where she shared her expertise in internal sales and personal development through training programs. Throughout her career, Ba\u015far has successfully managed HR excellence and retail growth processes in e-commerce and retail companies.<\/div>\t\t\t\t\t\t\t\t<\/div>\n\t\t\t\t\t\t\t<\/div>\n\t\t\t\t\t\t<\/div>\t\t\t\t\t<\/div>\n\t\t\t\t\t\t\t\t\t\t<div class=\"wf-cell shown\">\n\t\t\t\t\t\t<div class=\"the7-image-box-wrapper the7-box-wrapper the7-elementor-widget\">\t\t\t\t\t\t\t<div class=\"box-content-wrapper\">\n\n\t\t\t\t\t\t\t\t\t\t\t\t\t\t\t\t\t<div class=\"elementor-image-div \">\n\t\t\t\t\t\t\t\t\t\t<a class=\"post-thumbnail-rollover layzr-bg img-css-resize-wrapper\" ><img decoding=\"async\" width=\"320\" height=\"320\" src=\"data:image\/svg+xml,%3Csvg%20xmlns%3D&#039;http%3A%2F%2Fwww.w3.org%2F2000%2Fsvg&#039;%20viewBox%3D&#039;0%200%20320%20320&#039;%2F%3E\" class=\"attachment-full size-full preload-me aspect lazy lazy-load\" alt=\"Jeff-Jo\" sizes=\"(max-width: 320px) 100vw, 320px\" style=\"--ratio: 320 \/ 320;\" data-src=\"https:\/\/dsgik.com\/en\/wp-content\/uploads\/2024\/06\/Jeff-Jo.jpg\" loading=\"eager\" data-srcset=\"https:\/\/dsgik.com\/en\/wp-content\/uploads\/2024\/06\/Jeff-Jo.jpg 320w, https:\/\/dsgik.com\/en\/wp-content\/uploads\/2024\/06\/Jeff-Jo-300x300.jpg 300w, https:\/\/dsgik.com\/en\/wp-content\/uploads\/2024\/06\/Jeff-Jo-150x150.jpg 150w\" \/><\/a>\t\t\t\t\t\t\t\t\t<\/div>\n\t\t\t\t\t\t\t\t\t\t\t\t\t\t\t\t<div class=\"box-content\">\n\t\t\t\t\t\t\t\t\t<div class=\"box-heading\"><a >Jeff Jo<\/a><\/div><div class=\"box-description\"><span>Samsung Electronics T\u00fcrkiye<\/span>\nSamsung Electronics T\u00fcrkiye has announced Jeff Jo as its new president, succeeding Philip Choi. Jeff Jo began his career with Samsung Electronics in 1997 at the corporate relations department in South Korea's headquarters. He progressed within the company, joining the Mobile External Sales division in 2004.\n\nJo demonstrated successful performance as the Mobile Business Unit Manager in Thailand in 2009 and later in Australia in 2014. In 2017, he was appointed as President of Mobile Retail Operations, where he enhanced the company's mobile product operations and customer experience in the retail sector.\n\nHis leadership continued to flourish when he was appointed President of Samsung Electronics in Canada in 2019, contributing significantly to enhancing the company's effectiveness and market share in the North American market. In 2021, Jo assumed the role of President of the Mobile Experience Retail Group before his recent appointment as President of Samsung Electronics T\u00fcrkiye on December 11, 2023.<\/div>\t\t\t\t\t\t\t\t<\/div>\n\t\t\t\t\t\t\t<\/div>\n\t\t\t\t\t\t<\/div>\t\t\t\t\t<\/div>\n\t\t\t\t\t\t\t\t\t\t<div class=\"wf-cell shown\">\n\t\t\t\t\t\t<div class=\"the7-image-box-wrapper the7-box-wrapper the7-elementor-widget\">\t\t\t\t\t\t\t<div class=\"box-content-wrapper\">\n\n\t\t\t\t\t\t\t\t\t\t\t\t\t\t\t\t\t<div class=\"elementor-image-div \">\n\t\t\t\t\t\t\t\t\t\t<a class=\"post-thumbnail-rollover layzr-bg img-css-resize-wrapper\" ><img decoding=\"async\" width=\"320\" height=\"320\" src=\"data:image\/svg+xml,%3Csvg%20xmlns%3D&#039;http%3A%2F%2Fwww.w3.org%2F2000%2Fsvg&#039;%20viewBox%3D&#039;0%200%20320%20320&#039;%2F%3E\" class=\"attachment-full size-full preload-me aspect lazy lazy-load\" alt=\"Salvador-Lopez-Oliva\" sizes=\"(max-width: 320px) 100vw, 320px\" style=\"--ratio: 320 \/ 320;\" data-src=\"https:\/\/dsgik.com\/en\/wp-content\/uploads\/2024\/06\/Salvador-Lopez-Oliva.jpg\" loading=\"eager\" data-srcset=\"https:\/\/dsgik.com\/en\/wp-content\/uploads\/2024\/06\/Salvador-Lopez-Oliva.jpg 320w, https:\/\/dsgik.com\/en\/wp-content\/uploads\/2024\/06\/Salvador-Lopez-Oliva-300x300.jpg 300w, https:\/\/dsgik.com\/en\/wp-content\/uploads\/2024\/06\/Salvador-Lopez-Oliva-150x150.jpg 150w\" \/><\/a>\t\t\t\t\t\t\t\t\t<\/div>\n\t\t\t\t\t\t\t\t\t\t\t\t\t\t\t\t<div class=\"box-content\">\n\t\t\t\t\t\t\t\t\t<div class=\"box-heading\"><a >Salvador Lopez Oliva<\/a><\/div><div class=\"box-description\"><span>Roca T\u00fcrkiye<\/span>\nSalvador Lopez Oliva, who has been serving as the General Manager of Roca T\u00fcrkiye since 2016, has been appointed to also oversee the Country Management of Roca in the Middle East. Continuing in his role as General Manager of Roca T\u00fcrkiye, Oliva will now manage regional strategies in both T\u00fcrkiye and the Middle East.\n\nSalvador Lopez Oliva graduated from Universitat Politecnica de Catalunya in Industrial Engineering in 1999. He furthered his education with an MBA from Esade between 1999 and 2001, and completed programs in Finance, Operations, Marketing, and IT at the National University of Singapore. With nearly 25 years of experience in the bathroom and kitchen sector, Lopez Oliva has been leading Roca T\u00fcrkiye as General Manager since 2016. As of December 1, 2023, he has also taken on the role of Country Manager for Roca in the Middle East.<\/div>\t\t\t\t\t\t\t\t<\/div>\n\t\t\t\t\t\t\t<\/div>\n\t\t\t\t\t\t<\/div>\t\t\t\t\t<\/div>\n\t\t\t\t\t\t\t\t\t\t<div class=\"wf-cell shown\">\n\t\t\t\t\t\t<div class=\"the7-image-box-wrapper the7-box-wrapper the7-elementor-widget\">\t\t\t\t\t\t\t<div class=\"box-content-wrapper\">\n\n\t\t\t\t\t\t\t\t\t\t\t\t\t\t\t\t\t<div class=\"elementor-image-div \">\n\t\t\t\t\t\t\t\t\t\t<a class=\"post-thumbnail-rollover layzr-bg img-css-resize-wrapper\" ><img decoding=\"async\" width=\"320\" height=\"320\" src=\"data:image\/svg+xml,%3Csvg%20xmlns%3D&#039;http%3A%2F%2Fwww.w3.org%2F2000%2Fsvg&#039;%20viewBox%3D&#039;0%200%20320%20320&#039;%2F%3E\" class=\"attachment-full size-full preload-me aspect lazy lazy-load\" alt=\"Kristof-Neirynck\" sizes=\"(max-width: 320px) 100vw, 320px\" style=\"--ratio: 320 \/ 320;\" data-src=\"https:\/\/dsgik.com\/en\/wp-content\/uploads\/2024\/06\/Kristof-Neirynck.jpg\" loading=\"eager\" data-srcset=\"https:\/\/dsgik.com\/en\/wp-content\/uploads\/2024\/06\/Kristof-Neirynck.jpg 320w, https:\/\/dsgik.com\/en\/wp-content\/uploads\/2024\/06\/Kristof-Neirynck-300x300.jpg 300w, https:\/\/dsgik.com\/en\/wp-content\/uploads\/2024\/06\/Kristof-Neirynck-150x150.jpg 150w\" \/><\/a>\t\t\t\t\t\t\t\t\t<\/div>\n\t\t\t\t\t\t\t\t\t\t\t\t\t\t\t\t<div class=\"box-content\">\n\t\t\t\t\t\t\t\t\t<div class=\"box-heading\"><a >Kristof Neirynck<\/a><\/div><div class=\"box-description\"><span>Avon International<\/span>\nKristof Neirynck has been appointed as the new CEO of Avon International. He will assume his new role starting January 1, 2024. Angela Cretu, who handed over the CEO position to Neirynck, will continue to contribute to Avon in an advisory capacity.<\/div>\t\t\t\t\t\t\t\t<\/div>\n\t\t\t\t\t\t\t<\/div>\n\t\t\t\t\t\t<\/div>\t\t\t\t\t<\/div>\n\t\t\t\t\t\t\t\t\t\t<div class=\"wf-cell shown\">\n\t\t\t\t\t\t<div class=\"the7-image-box-wrapper the7-box-wrapper the7-elementor-widget\">\t\t\t\t\t\t\t<div class=\"box-content-wrapper\">\n\n\t\t\t\t\t\t\t\t\t\t\t\t\t\t\t\t\t<div class=\"elementor-image-div \">\n\t\t\t\t\t\t\t\t\t\t<a class=\"post-thumbnail-rollover layzr-bg img-css-resize-wrapper\" ><img decoding=\"async\" width=\"320\" height=\"320\" src=\"data:image\/svg+xml,%3Csvg%20xmlns%3D&#039;http%3A%2F%2Fwww.w3.org%2F2000%2Fsvg&#039;%20viewBox%3D&#039;0%200%20320%20320&#039;%2F%3E\" class=\"attachment-full size-full preload-me aspect lazy lazy-load\" alt=\"Kaan-S\u0327akul\" sizes=\"(max-width: 320px) 100vw, 320px\" style=\"--ratio: 320 \/ 320;\" data-src=\"https:\/\/dsgik.com\/en\/wp-content\/uploads\/2024\/06\/Kaan-Sakul.jpg\" loading=\"eager\" data-srcset=\"https:\/\/dsgik.com\/en\/wp-content\/uploads\/2024\/06\/Kaan-Sakul.jpg 320w, https:\/\/dsgik.com\/en\/wp-content\/uploads\/2024\/06\/Kaan-Sakul-300x300.jpg 300w, https:\/\/dsgik.com\/en\/wp-content\/uploads\/2024\/06\/Kaan-Sakul-150x150.jpg 150w\" \/><\/a>\t\t\t\t\t\t\t\t\t<\/div>\n\t\t\t\t\t\t\t\t\t\t\t\t\t\t\t\t<div class=\"box-content\">\n\t\t\t\t\t\t\t\t\t<div class=\"box-heading\"><a >Kaan \u015eakul<\/a><\/div><div class=\"box-description\"><span>Yap\u0131 Kredi<\/span>\nYap\u0131 Kredi has announced a new appointment in its senior management team. According to the bank's statement, Kaan \u015eakul, Deputy General Manager of Corporate Banking, will retire effective July 1. Mehmet Erkan Akbulut, currently serving as Deputy General Manager of Loans, will assume his position starting July 2.<\/div>\t\t\t\t\t\t\t\t<\/div>\n\t\t\t\t\t\t\t<\/div>\n\t\t\t\t\t\t<\/div>\t\t\t\t\t<\/div>\n\t\t\t\t\t\t\t\t\t\t<div class=\"wf-cell shown\">\n\t\t\t\t\t\t<div class=\"the7-image-box-wrapper the7-box-wrapper the7-elementor-widget\">\t\t\t\t\t\t\t<div class=\"box-content-wrapper\">\n\n\t\t\t\t\t\t\t\t\t\t\t\t\t\t\t\t\t<div class=\"elementor-image-div \">\n\t\t\t\t\t\t\t\t\t\t<a class=\"post-thumbnail-rollover layzr-bg img-css-resize-wrapper\" ><img decoding=\"async\" width=\"320\" height=\"320\" src=\"data:image\/svg+xml,%3Csvg%20xmlns%3D&#039;http%3A%2F%2Fwww.w3.org%2F2000%2Fsvg&#039;%20viewBox%3D&#039;0%200%20320%20320&#039;%2F%3E\" class=\"attachment-full size-full preload-me aspect lazy lazy-load\" alt=\"Colin-Tyrer\" sizes=\"(max-width: 320px) 100vw, 320px\" style=\"--ratio: 320 \/ 320;\" data-src=\"https:\/\/dsgik.com\/en\/wp-content\/uploads\/2024\/06\/Colin-Tyrer.jpg\" loading=\"eager\" data-srcset=\"https:\/\/dsgik.com\/en\/wp-content\/uploads\/2024\/06\/Colin-Tyrer.jpg 320w, https:\/\/dsgik.com\/en\/wp-content\/uploads\/2024\/06\/Colin-Tyrer-300x300.jpg 300w, https:\/\/dsgik.com\/en\/wp-content\/uploads\/2024\/06\/Colin-Tyrer-150x150.jpg 150w\" \/><\/a>\t\t\t\t\t\t\t\t\t<\/div>\n\t\t\t\t\t\t\t\t\t\t\t\t\t\t\t\t<div class=\"box-content\">\n\t\t\t\t\t\t\t\t\t<div class=\"box-heading\"><a >Colin Tyrer<\/a><\/div><div class=\"box-description\"><span>Bayer<\/span>\nColin Tyrer has been appointed as the Country Group Head for Bayer Pharmaceuticals in T\u00fcrkiye and Iran. He assumed this role in November 2023, taking over from Per Edlund, who had held the position since 2022. Previously, Colin Tyrer served as the Country Group Head for South, East, and West Africa (SEWA) in the EMEA 2 region at Bayer.\n\nA graduate of the University of Manchester Faculty of Science and Engineering, Colin Tyrer joined Bayer in 2012. With 11 years of experience at Bayer, he has held various positions in the United Kingdom, Australia, Ireland, and Southeast and West Africa regions before assuming his current role in T\u00fcrkiye and Iran.<\/div>\t\t\t\t\t\t\t\t<\/div>\n\t\t\t\t\t\t\t<\/div>\n\t\t\t\t\t\t<\/div>\t\t\t\t\t<\/div>\n\t\t\t\t\t\t\t\t\t\t<div class=\"wf-cell shown\">\n\t\t\t\t\t\t<div class=\"the7-image-box-wrapper the7-box-wrapper the7-elementor-widget\">\t\t\t\t\t\t\t<div class=\"box-content-wrapper\">\n\n\t\t\t\t\t\t\t\t\t\t\t\t\t\t\t\t\t<div class=\"elementor-image-div \">\n\t\t\t\t\t\t\t\t\t\t<a class=\"post-thumbnail-rollover layzr-bg img-css-resize-wrapper\" ><img decoding=\"async\" width=\"320\" height=\"320\" src=\"data:image\/svg+xml,%3Csvg%20xmlns%3D&#039;http%3A%2F%2Fwww.w3.org%2F2000%2Fsvg&#039;%20viewBox%3D&#039;0%200%20320%20320&#039;%2F%3E\" class=\"attachment-full size-full preload-me aspect lazy lazy-load\" alt=\"Ug\u0306ur-Ayd\u0131n\" sizes=\"(max-width: 320px) 100vw, 320px\" style=\"--ratio: 320 \/ 320;\" data-src=\"https:\/\/dsgik.com\/en\/wp-content\/uploads\/2024\/06\/Ugur-Aydin.jpg\" loading=\"eager\" data-srcset=\"https:\/\/dsgik.com\/en\/wp-content\/uploads\/2024\/06\/Ugur-Aydin.jpg 320w, https:\/\/dsgik.com\/en\/wp-content\/uploads\/2024\/06\/Ugur-Aydin-300x300.jpg 300w, https:\/\/dsgik.com\/en\/wp-content\/uploads\/2024\/06\/Ugur-Aydin-150x150.jpg 150w\" \/><\/a>\t\t\t\t\t\t\t\t\t<\/div>\n\t\t\t\t\t\t\t\t\t\t\t\t\t\t\t\t<div class=\"box-content\">\n\t\t\t\t\t\t\t\t\t<div class=\"box-heading\"><a >U\u011fur Ayd\u0131n<\/a><\/div><div class=\"box-description\"><span>Prometeon<\/span>\nU\u011fur Ayd\u0131n has been appointed as the Sales Director for Prometeon in T\u00fcrkiye, Russia, and the CIS region. Throughout his career, Ayd\u0131n has worked at international firms in the tire sector, as well as at Vestel and Turkcell. He began his role at Prometeon in 2016 as the Regional Sales Manager for Adana, where his leadership and success significantly contributed to Prometeon becoming the market leader in T\u00fcrkiye under a single brand and enhancing sales performance. In his new position, Ayd\u0131n aims to further strengthen the company's position in these strategic markets.\n\n\n\n\n\n\n<\/div>\t\t\t\t\t\t\t\t<\/div>\n\t\t\t\t\t\t\t<\/div>\n\t\t\t\t\t\t<\/div>\t\t\t\t\t<\/div>\n\t\t\t\t\t\t\t\t\t\t<div class=\"wf-cell shown\">\n\t\t\t\t\t\t<div class=\"the7-image-box-wrapper the7-box-wrapper the7-elementor-widget\">\t\t\t\t\t\t\t<div class=\"box-content-wrapper\">\n\n\t\t\t\t\t\t\t\t\t\t\t\t\t\t\t\t\t<div class=\"elementor-image-div \">\n\t\t\t\t\t\t\t\t\t\t<a class=\"post-thumbnail-rollover layzr-bg img-css-resize-wrapper\" ><img decoding=\"async\" width=\"320\" height=\"320\" src=\"data:image\/svg+xml,%3Csvg%20xmlns%3D&#039;http%3A%2F%2Fwww.w3.org%2F2000%2Fsvg&#039;%20viewBox%3D&#039;0%200%20320%20320&#039;%2F%3E\" class=\"attachment-full size-full preload-me aspect lazy lazy-load\" alt=\"Altug\u0306-Kesim\" sizes=\"(max-width: 320px) 100vw, 320px\" style=\"--ratio: 320 \/ 320;\" data-src=\"https:\/\/dsgik.com\/en\/wp-content\/uploads\/2024\/06\/Altug-Kesim.jpg\" loading=\"eager\" data-srcset=\"https:\/\/dsgik.com\/en\/wp-content\/uploads\/2024\/06\/Altug-Kesim.jpg 320w, https:\/\/dsgik.com\/en\/wp-content\/uploads\/2024\/06\/Altug-Kesim-300x300.jpg 300w, https:\/\/dsgik.com\/en\/wp-content\/uploads\/2024\/06\/Altug-Kesim-150x150.jpg 150w\" \/><\/a>\t\t\t\t\t\t\t\t\t<\/div>\n\t\t\t\t\t\t\t\t\t\t\t\t\t\t\t\t<div class=\"box-content\">\n\t\t\t\t\t\t\t\t\t<div class=\"box-heading\"><a >Altu\u011f Kesim<\/a><\/div><div class=\"box-description\"><span>Prometeon T\u00fcrkiye<\/span>\nAltu\u011f Kesim has been promoted to the position of Information and Communication Technologies Director for Prometeon in T\u00fcrkiye and AFME (Africa, Middle East). He began his career at Pirelli in 2004 and has since taken on various roles in domestic and international projects. Kesim has been actively involved in Prometeon's technological transformation since 2018, assuming significant responsibilities in the automation and digitalization of production processes. In his new role, Altu\u011f Kesim will continue to lead Prometeon T\u00fcrkiye's technological structure and digital transformation efforts.<\/div>\t\t\t\t\t\t\t\t<\/div>\n\t\t\t\t\t\t\t<\/div>\n\t\t\t\t\t\t<\/div>\t\t\t\t\t<\/div>\n\t\t\t\t\t\t\t\t\t\t<div class=\"wf-cell shown\">\n\t\t\t\t\t\t<div class=\"the7-image-box-wrapper the7-box-wrapper the7-elementor-widget\">\t\t\t\t\t\t\t<div class=\"box-content-wrapper\">\n\n\t\t\t\t\t\t\t\t\t\t\t\t\t\t\t\t\t<div class=\"elementor-image-div \">\n\t\t\t\t\t\t\t\t\t\t<a class=\"post-thumbnail-rollover layzr-bg img-css-resize-wrapper\" ><img decoding=\"async\" width=\"320\" height=\"320\" src=\"data:image\/svg+xml,%3Csvg%20xmlns%3D&#039;http%3A%2F%2Fwww.w3.org%2F2000%2Fsvg&#039;%20viewBox%3D&#039;0%200%20320%20320&#039;%2F%3E\" class=\"attachment-full size-full preload-me aspect lazy lazy-load\" alt=\"Cem-Muratog\u0306lu\" sizes=\"(max-width: 320px) 100vw, 320px\" style=\"--ratio: 320 \/ 320;\" data-src=\"https:\/\/dsgik.com\/en\/wp-content\/uploads\/2024\/06\/Cem-Muratoglu.jpg\" loading=\"eager\" data-srcset=\"https:\/\/dsgik.com\/en\/wp-content\/uploads\/2024\/06\/Cem-Muratoglu.jpg 320w, https:\/\/dsgik.com\/en\/wp-content\/uploads\/2024\/06\/Cem-Muratoglu-300x300.jpg 300w, https:\/\/dsgik.com\/en\/wp-content\/uploads\/2024\/06\/Cem-Muratoglu-150x150.jpg 150w\" \/><\/a>\t\t\t\t\t\t\t\t\t<\/div>\n\t\t\t\t\t\t\t\t\t\t\t\t\t\t\t\t<div class=\"box-content\">\n\t\t\t\t\t\t\t\t\t<div class=\"box-heading\"><a >Cem Murato\u011flu<\/a><\/div><div class=\"box-description\"><span>HSBC T\u00fcrkiye<\/span>\nCem Murato\u011flu, with over 30 years of experience in the industry, has been appointed as Deputy General Manager responsible for Retail Banking and Wealth Management at HSBC T\u00fcrkiye, effective January 5, 2024. He is a graduate of Middle East Technical University in Petroleum Engineering and holds a master's degree in Business Administration from Bilkent University. Additionally, Murato\u011flu has completed the Senior Executive Program at Harvard Business School.\n\nThroughout his career, Murato\u011flu has held senior positions in strategy, investor relations, corporate banking, and retail banking at various domestic and international banks.\n<\/div>\t\t\t\t\t\t\t\t<\/div>\n\t\t\t\t\t\t\t<\/div>\n\t\t\t\t\t\t<\/div>\t\t\t\t\t<\/div>\n\t\t\t\t\t\t\t\t\t\t<div class=\"wf-cell shown\">\n\t\t\t\t\t\t<div class=\"the7-image-box-wrapper the7-box-wrapper the7-elementor-widget\">\t\t\t\t\t\t\t<div class=\"box-content-wrapper\">\n\n\t\t\t\t\t\t\t\t\t\t\t\t\t\t\t\t\t<div class=\"elementor-image-div \">\n\t\t\t\t\t\t\t\t\t\t<a class=\"post-thumbnail-rollover layzr-bg img-css-resize-wrapper\" ><img decoding=\"async\" width=\"320\" height=\"320\" src=\"data:image\/svg+xml,%3Csvg%20xmlns%3D&#039;http%3A%2F%2Fwww.w3.org%2F2000%2Fsvg&#039;%20viewBox%3D&#039;0%200%20320%20320&#039;%2F%3E\" class=\"attachment-full size-full preload-me aspect lazy lazy-load\" alt=\"Simru-Sonar\" sizes=\"(max-width: 320px) 100vw, 320px\" style=\"--ratio: 320 \/ 320;\" data-src=\"https:\/\/dsgik.com\/en\/wp-content\/uploads\/2024\/06\/Simru-Sonar.jpg\" loading=\"eager\" data-srcset=\"https:\/\/dsgik.com\/en\/wp-content\/uploads\/2024\/06\/Simru-Sonar.jpg 320w, https:\/\/dsgik.com\/en\/wp-content\/uploads\/2024\/06\/Simru-Sonar-300x300.jpg 300w, https:\/\/dsgik.com\/en\/wp-content\/uploads\/2024\/06\/Simru-Sonar-150x150.jpg 150w\" \/><\/a>\t\t\t\t\t\t\t\t\t<\/div>\n\t\t\t\t\t\t\t\t\t\t\t\t\t\t\t\t<div class=\"box-content\">\n\t\t\t\t\t\t\t\t\t<div class=\"box-heading\"><a >Simru Sonar<\/a><\/div><div class=\"box-description\"><span>\u00dcNL\u00dc &amp; Co<\/span>\n\u00dcNL\u00dc &amp; Co has made a senior appointment, appointing Simru Sonar to the Board of Directors of \u00dcNL\u00dc Menkul De\u011ferler and \u00dcNL\u00dc Securities UK. Simru Sonar has been appointed as a Board Member of \u00dcNL\u00dc Menkul De\u011ferler, a subsidiary of \u00dcNL\u00dc &amp; Co, one of T\u00fcrkiye's leading investment services and asset management groups.\n\nSimru Sonar has held strategic roles at Credit Suisse, including Head of Investment Advisory and Asset Management Division and T\u00fcrkiye Regional General Manager. She will also take on the role of Board Member at \u00dcNL\u00dc Securities UK.\n\nA graduate of Middle East Technical University in Economics, Sonar began her career at T\u00fcrk Eximbank in the Country Loans Department. She later worked in the Corporate Banking Division at The Chase Manhattan and held various positions in the Private Banking Division at ABN AMRO.\n\n\n\n\n\n\n<\/div>\t\t\t\t\t\t\t\t<\/div>\n\t\t\t\t\t\t\t<\/div>\n\t\t\t\t\t\t<\/div>\t\t\t\t\t<\/div>\n\t\t\t\t\t\t\t\t<\/div>\n\t\t\t<\/div>\t\t<\/div>\n\t\t\t\t<\/div>\n\t\t\t\t\t<\/div>\n\t\t\t\t<\/div>\n\t\t\t\t<\/div>\n\t\t","protected":false},"excerpt":{"rendered":"<p>Christian HeinCorendon Airlines With his experience in the international aviation sector, Christian Hein has embarked on a successful career in sales and marketing, assuming the role of Chief Sales and Marketing Officer at Corendon Airlines in June. Corendon Airlines, an international airline flying to 165 destinations in 65 countries, including popular holiday destinations across Europe&hellip;<\/p>\n","protected":false},"author":1,"featured_media":0,"parent":0,"menu_order":0,"comment_status":"closed","ping_status":"closed","template":"","meta":{"footnotes":""},"_links":{"self":[{"href":"https:\/\/dsgik.com\/en\/wp-json\/wp\/v2\/pages\/93364"}],"collection":[{"href":"https:\/\/dsgik.com\/en\/wp-json\/wp\/v2\/pages"}],"about":[{"href":"https:\/\/dsgik.com\/en\/wp-json\/wp\/v2\/types\/page"}],"author":[{"embeddable":true,"href":"https:\/\/dsgik.com\/en\/wp-json\/wp\/v2\/users\/1"}],"replies":[{"embeddable":true,"href":"https:\/\/dsgik.com\/en\/wp-json\/wp\/v2\/comments?post=93364"}],"version-history":[{"count":206,"href":"https:\/\/dsgik.com\/en\/wp-json\/wp\/v2\/pages\/93364\/revisions"}],"predecessor-version":[{"id":96567,"href":"https:\/\/dsgik.com\/en\/wp-json\/wp\/v2\/pages\/93364\/revisions\/96567"}],"wp:attachment":[{"href":"https:\/\/dsgik.com\/en\/wp-json\/wp\/v2\/media?parent=93364"}],"curies":[{"name":"wp","href":"https:\/\/api.w.org\/{rel}","templated":true}]}}